{"id":32,"date":"2020-04-13T11:18:50","date_gmt":"2020-04-13T11:18:50","guid":{"rendered":"https:\/\/e-smart.ai\/services\/"},"modified":"2026-03-05T14:35:51","modified_gmt":"2026-03-05T12:35:51","slug":"products","status":"publish","type":"page","link":"https:\/\/e-smart.ai\/en\/products\/","title":{"rendered":"Products"},"content":{"rendered":"<div data-elementor-type=\"wp-page\" data-elementor-id=\"32\" class=\"elementor elementor-32\" data-elementor-post-type=\"page\">\n\t\t\t\t\t\t<section class=\"elementor-section elementor-top-section elementor-element elementor-element-ae116dd elementor-section-height-min-height animated-slow elementor-section-content-middle elementor-section-boxed elementor-section-height-default elementor-section-items-middle elementor-invisible\" data-id=\"ae116dd\" data-element_type=\"section\" data-e-type=\"section\" data-settings=\"{&quot;background_background&quot;:&quot;classic&quot;,&quot;animation&quot;:&quot;fadeIn&quot;}\">\n\t\t\t\t\t\t<div class=\"elementor-container elementor-column-gap-default\">\n\t\t\t\t\t<div class=\"elementor-column elementor-col-50 elementor-top-column elementor-element elementor-element-18263b6\" data-id=\"18263b6\" data-element_type=\"column\" data-e-type=\"column\">\n\t\t\t<div class=\"elementor-widget-wrap elementor-element-populated\">\n\t\t\t\t\t\t<div class=\"elementor-element elementor-element-4b0361f elementor-flip-box--effect-slide elementor-flip-box--direction-down elementor-widget elementor-widget-flip-box\" data-id=\"4b0361f\" data-element_type=\"widget\" data-e-type=\"widget\" data-widget_type=\"flip-box.default\">\n\t\t\t\t<div class=\"elementor-widget-container\">\n\t\t\t\t\t\t\t<div class=\"elementor-flip-box\" tabindex=\"0\">\n\t\t\t<div class=\"elementor-flip-box__layer elementor-flip-box__front\">\n\t\t\t\t<div class=\"elementor-flip-box__layer__overlay\">\n\t\t\t\t\t<div class=\"elementor-flip-box__layer__inner\">\n\t\t\t\t\t\t\t\t\t\t\t\t\t<div class=\"elementor-flip-box__image\">\n\t\t\t\t\t\t\t\t<img fetchpriority=\"high\" decoding=\"async\" width=\"2560\" height=\"2500\" src=\"https:\/\/e-smart.ai\/wp-content\/uploads\/2026\/02\/e-s_2000_promo-scaled.png\" class=\"attachment-full size-full wp-image-1415\" alt=\"\" srcset=\"https:\/\/e-smart.ai\/wp-content\/uploads\/2026\/02\/e-s_2000_promo-scaled.png 2560w, https:\/\/e-smart.ai\/wp-content\/uploads\/2026\/02\/e-s_2000_promo-300x293.png 300w, https:\/\/e-smart.ai\/wp-content\/uploads\/2026\/02\/e-s_2000_promo-1024x1000.png 1024w, https:\/\/e-smart.ai\/wp-content\/uploads\/2026\/02\/e-s_2000_promo-768x750.png 768w, https:\/\/e-smart.ai\/wp-content\/uploads\/2026\/02\/e-s_2000_promo-1536x1500.png 1536w, https:\/\/e-smart.ai\/wp-content\/uploads\/2026\/02\/e-s_2000_promo-2048x2000.png 2048w, https:\/\/e-smart.ai\/wp-content\/uploads\/2026\/02\/e-s_2000_promo-12x12.png 12w, https:\/\/e-smart.ai\/wp-content\/uploads\/2026\/02\/e-s_2000_promo-600x586.png 600w\" sizes=\"(max-width: 2560px) 100vw, 2560px\" \/>\t\t\t\t\t\t\t<\/div>\n\t\t\t\t\t\t\n\t\t\t\t\t\t\t\t\t\t\t\t\t<h3 class=\"elementor-flip-box__layer__title\">\n\t\t\t\t\t\t\t\tES2000\t\t\t\t\t\t\t<\/h3>\n\t\t\t\t\t\t\n\t\t\t\t\t\t\t\t\t\t\t\t\t<div class=\"elementor-flip-box__layer__description\">\n\t\t\t\t\t\t\t\tAutomatic energy control based on real-time spot price data\t\t\t\t\t\t\t<\/div>\n\t\t\t\t\t\t\t\t\t\t\t<\/div>\n\t\t\t\t<\/div>\n\t\t\t<\/div>\n\t\t\t<div class=\"elementor-flip-box__layer elementor-flip-box__back\">\n\t\t\t<div class=\"elementor-flip-box__layer__overlay\">\n\t\t\t\t<div class=\"elementor-flip-box__layer__inner\">\n\t\t\t\t\t\t\t\t\t\t\t<h3 class=\"elementor-flip-box__layer__title\">\n\t\t\t\t\t\t\tWe handle your electricity costs for you.\t\t\t\t\t\t<\/h3>\n\t\t\t\t\t\n\t\t\t\t\t\t\t\t\t\t\t<div class=\"elementor-flip-box__layer__description\">\n\t\t\t\t\t\t\t\nE-Smart is designed to make electricity use smarter without getting in the way. You set your target level, and the smart socket automatically controls usage based on spot electricity prices. It optimizes in the background without sacrificing comfort or changing your routines. The result is a practical balance between cost, performance, and everyday comfort.\t\t\t\t\t\t<\/div>\n\t\t\t\t\t\n\t\t\t\t\t\t\t\t<\/div>\n\t\t<\/div>\n\t\t<\/div>\n\t\t<\/div>\n\t\t\t\t\t\t<\/div>\n\t\t\t\t<\/div>\n\t\t\t\t<div class=\"elementor-element elementor-element-18373ea elementor-align-justify elementor-widget elementor-widget-button\" data-id=\"18373ea\" data-element_type=\"widget\" data-e-type=\"widget\" data-widget_type=\"button.default\">\n\t\t\t\t<div class=\"elementor-widget-container\">\n\t\t\t\t\t\t\t\t\t<div class=\"elementor-button-wrapper\">\n\t\t\t\t\t<a class=\"elementor-button elementor-button-link elementor-size-sm\" href=\"https:\/\/e-smart.ai\/en\/es2000\/\">\n\t\t\t\t\t\t<span class=\"elementor-button-content-wrapper\">\n\t\t\t\t\t\t\t\t\t<span class=\"elementor-button-text\">Tilaa omasi nyt<\/span>\n\t\t\t\t\t<\/span>\n\t\t\t\t\t<\/a>\n\t\t\t\t<\/div>\n\t\t\t\t\t\t\t\t<\/div>\n\t\t\t\t<\/div>\n\t\t\t\t\t<\/div>\n\t\t<\/div>\n\t\t\t\t<div class=\"elementor-column elementor-col-50 elementor-top-column elementor-element elementor-element-7729b04\" data-id=\"7729b04\" data-element_type=\"column\" data-e-type=\"column\">\n\t\t\t<div class=\"elementor-widget-wrap elementor-element-populated\">\n\t\t\t\t\t\t<div class=\"elementor-element elementor-element-38a0380 elementor-flip-box--effect-slide elementor-flip-box--direction-down elementor-widget elementor-widget-flip-box\" data-id=\"38a0380\" data-element_type=\"widget\" data-e-type=\"widget\" data-widget_type=\"flip-box.default\">\n\t\t\t\t<div class=\"elementor-widget-container\">\n\t\t\t\t\t\t\t<div class=\"elementor-flip-box\" tabindex=\"0\">\n\t\t\t<div class=\"elementor-flip-box__layer elementor-flip-box__front\">\n\t\t\t\t<div class=\"elementor-flip-box__layer__overlay\">\n\t\t\t\t\t<div class=\"elementor-flip-box__layer__inner\">\n\t\t\t\t\t\t\t\t\t\t\t\t\t<div class=\"elementor-flip-box__image\">\n\t\t\t\t\t\t\t\t<img decoding=\"async\" width=\"2560\" height=\"2500\" src=\"https:\/\/e-smart.ai\/wp-content\/uploads\/2026\/02\/e-s_1000_promo-scaled.png\" class=\"attachment-full size-full wp-image-1471\" alt=\"\" srcset=\"https:\/\/e-smart.ai\/wp-content\/uploads\/2026\/02\/e-s_1000_promo-scaled.png 2560w, https:\/\/e-smart.ai\/wp-content\/uploads\/2026\/02\/e-s_1000_promo-300x293.png 300w, https:\/\/e-smart.ai\/wp-content\/uploads\/2026\/02\/e-s_1000_promo-1024x1000.png 1024w, https:\/\/e-smart.ai\/wp-content\/uploads\/2026\/02\/e-s_1000_promo-768x750.png 768w, https:\/\/e-smart.ai\/wp-content\/uploads\/2026\/02\/e-s_1000_promo-1536x1500.png 1536w, https:\/\/e-smart.ai\/wp-content\/uploads\/2026\/02\/e-s_1000_promo-2048x2000.png 2048w, https:\/\/e-smart.ai\/wp-content\/uploads\/2026\/02\/e-s_1000_promo-12x12.png 12w, https:\/\/e-smart.ai\/wp-content\/uploads\/2026\/02\/e-s_1000_promo-600x586.png 600w\" sizes=\"(max-width: 2560px) 100vw, 2560px\" \/>\t\t\t\t\t\t\t<\/div>\n\t\t\t\t\t\t\n\t\t\t\t\t\t\t\t\t\t\t\t\t<h3 class=\"elementor-flip-box__layer__title\">\n\t\t\t\t\t\t\t\tES1000\t\t\t\t\t\t\t<\/h3>\n\t\t\t\t\t\t\n\t\t\t\t\t\t\t\t\t\t\t\t\t<div class=\"elementor-flip-box__layer__description\">\n\t\t\t\t\t\t\t\tSmart temperature and humidity monitoring with remote control\t\t\t\t\t\t\t<\/div>\n\t\t\t\t\t\t\t\t\t\t\t<\/div>\n\t\t\t\t<\/div>\n\t\t\t<\/div>\n\t\t\t<div class=\"elementor-flip-box__layer elementor-flip-box__back\">\n\t\t\t<div class=\"elementor-flip-box__layer__overlay\">\n\t\t\t\t<div class=\"elementor-flip-box__layer__inner\">\n\t\t\t\t\t\t\t\t\t\t\t<h3 class=\"elementor-flip-box__layer__title\">\n\t\t\t\t\t\t\tSave energy\t\t\t\t\t\t<\/h3>\n\t\t\t\t\t\n\t\t\t\t\t\t\t\t\t\t\t<div class=\"elementor-flip-box__layer__description\">\n\t\t\t\t\t\t\tES1000 is a smart energy-saving socket that helps you control electrical devices efficiently and safely. It operates based on temperature settings or usage conditions you define, and provides clear energy consumption insights in the mobile app. With precise temperature control, scheduling, and remote control from your phone, devices run when they should \u2014 without constant monitoring. ES1000 is a great fit for summer cabins, garages, storage spaces, and home heating. Built-in overheat protection and a safety-first design ensure reliable operation even during extended use. Save energy, reduce costs, and keep the space comfortable \u2014 easily and automatically.\t\t\t\t\t\t<\/div>\n\t\t\t\t\t\n\t\t\t\t\t\t\t\t<\/div>\n\t\t<\/div>\n\t\t<\/div>\n\t\t<\/div>\n\t\t\t\t\t\t<\/div>\n\t\t\t\t<\/div>\n\t\t\t\t<div class=\"elementor-element elementor-element-b58f60f elementor-align-justify elementor-widget elementor-widget-button\" data-id=\"b58f60f\" data-element_type=\"widget\" data-e-type=\"widget\" data-widget_type=\"button.default\">\n\t\t\t\t<div class=\"elementor-widget-container\">\n\t\t\t\t\t\t\t\t\t<div class=\"elementor-button-wrapper\">\n\t\t\t\t\t<a class=\"elementor-button elementor-button-link elementor-size-sm\" href=\"https:\/\/e-smart.ai\/en\/es1000\/\">\n\t\t\t\t\t\t<span class=\"elementor-button-content-wrapper\">\n\t\t\t\t\t\t\t\t\t<span class=\"elementor-button-text\">Tilaa omasi nyt<\/span>\n\t\t\t\t\t<\/span>\n\t\t\t\t\t<\/a>\n\t\t\t\t<\/div>\n\t\t\t\t\t\t\t\t<\/div>\n\t\t\t\t<\/div>\n\t\t\t\t\t<\/div>\n\t\t<\/div>\n\t\t\t\t\t<\/div>\n\t\t<\/section>\n\t\t\t\t<\/div>","protected":false},"excerpt":{"rendered":"<p>ES2000 Automaattinen energianohjaus reaaliaikaisen spot-hintadatan perusteella Hoidamme S\u00e4hk\u00f6kulut Puolestasi E-Smart on suunniteltu tekem\u00e4\u00e4n s\u00e4hk\u00f6nk\u00e4yt\u00f6st\u00e4 huomaamattomasti j\u00e4rkev\u00e4mp\u00e4\u00e4. Asetat vain haluamasi tavoitetason, ja pistorasia huolehtii ohjauksesta automaattisesti p\u00f6rssis\u00e4hk\u00f6n hinnan perusteella. \u00c4lyk\u00e4s ohjaus optimoi k\u00e4ytt\u00f6\u00e4 ilman, ett\u00e4 mukavuudesta tarvitsee tinki\u00e4 tai arkea muuttaa. Lopputuloksena on tasapaino kustannusten, toimivuuden ja asumismukavuuden v\u00e4lill\u00e4. Tilaa omasi nyt ES1000 \u00c4lyk\u00e4s l\u00e4mp\u00f6tila- ja [&hellip;]<\/p>","protected":false},"author":1,"featured_media":0,"parent":0,"menu_order":0,"comment_status":"closed","ping_status":"closed","template":"elementor_header_footer","meta":{"site-sidebar-layout":"no-sidebar","site-content-layout":"page-builder","ast-site-content-layout":"","site-content-style":"default","site-sidebar-style":"default","ast-global-header-display":"","ast-banner-title-visibility":"","ast-main-header-display":"","ast-hfb-above-header-display":"","ast-hfb-below-header-display":"","ast-hfb-mobile-header-display":"","site-post-title":"disabled","ast-breadcrumbs-content":"","ast-featured-img":"","footer-sml-layout":"","theme-transparent-header-meta":"enabled","adv-header-id-meta":"","stick-header-meta":"","header-above-stick-meta":"","header-main-stick-meta":"","header-below-stick-meta":"","astra-migrate-meta-layouts":"default","ast-page-background-enabled":"default","ast-page-background-meta":{"desktop":{"background-color":"","background-image":"","background-repeat":"repeat","background-position":"center center","background-size":"auto","background-attachment":"scroll","background-type":"","background-media":"","overlay-type":"","overlay-color":"","overlay-gradient":""},"tablet":{"background-color":"","background-image":"","background-repeat":"repeat","background-position":"center center","background-size":"auto","background-attachment":"scroll","background-type":"","background-media":"","overlay-type":"","overlay-color":"","overlay-gradient":""},"mobile":{"background-color":"","background-image":"","background-repeat":"repeat","background-position":"center center","background-size":"auto","background-attachment":"scroll","background-type":"","background-media":"","overlay-type":"","overlay-color":"","overlay-gradient":""}},"ast-content-background-meta":{"desktop":{"background-color":"var(--ast-global-color-5)","background-image":"","background-repeat":"repeat","background-position":"center center","background-size":"auto","background-attachment":"scroll","background-type":"","background-media":"","overlay-type":"","overlay-color":"","overlay-gradient":""},"tablet":{"background-color":"var(--ast-global-color-5)","background-image":"","background-repeat":"repeat","background-position":"center center","background-size":"auto","background-attachment":"scroll","background-type":"","background-media":"","overlay-type":"","overlay-color":"","overlay-gradient":""},"mobile":{"background-color":"var(--ast-global-color-5)","background-image":"","background-repeat":"repeat","background-position":"center center","background-size":"auto","background-attachment":"scroll","background-type":"","background-media":"","overlay-type":"","overlay-color":"","overlay-gradient":""}},"footnotes":""},"class_list":["post-32","page","type-page","status-publish","hentry"],"_links":{"self":[{"href":"https:\/\/e-smart.ai\/en\/wp-json\/wp\/v2\/pages\/32","targetHints":{"allow":["GET"]}}],"collection":[{"href":"https:\/\/e-smart.ai\/en\/wp-json\/wp\/v2\/pages"}],"about":[{"href":"https:\/\/e-smart.ai\/en\/wp-json\/wp\/v2\/types\/page"}],"author":[{"embeddable":true,"href":"https:\/\/e-smart.ai\/en\/wp-json\/wp\/v2\/users\/1"}],"replies":[{"embeddable":true,"href":"https:\/\/e-smart.ai\/en\/wp-json\/wp\/v2\/comments?post=32"}],"version-history":[{"count":108,"href":"https:\/\/e-smart.ai\/en\/wp-json\/wp\/v2\/pages\/32\/revisions"}],"predecessor-version":[{"id":1875,"href":"https:\/\/e-smart.ai\/en\/wp-json\/wp\/v2\/pages\/32\/revisions\/1875"}],"wp:attachment":[{"href":"https:\/\/e-smart.ai\/en\/wp-json\/wp\/v2\/media?parent=32"}],"curies":[{"name":"wp","href":"https:\/\/api.w.org\/{rel}","templated":true}]}}