{"id":30,"date":"2020-04-13T11:18:54","date_gmt":"2020-04-13T11:18:54","guid":{"rendered":"https:\/\/e-smart.ai\/home\/"},"modified":"2026-03-03T10:30:32","modified_gmt":"2026-03-03T08:30:32","slug":"home","status":"publish","type":"page","link":"https:\/\/e-smart.ai\/en\/","title":{"rendered":"Home"},"content":{"rendered":"<div data-elementor-type=\"wp-page\" data-elementor-id=\"30\" class=\"elementor elementor-30\" data-elementor-settings=\"{&quot;scroll_snap&quot;:&quot;yes&quot;}\" data-elementor-post-type=\"page\">\n\t\t\t\t\t\t<section class=\"elementor-section elementor-top-section elementor-element elementor-element-3c9c4388 elementor-section-height-min-height elementor-section-content-middle elementor-section-boxed elementor-section-height-default elementor-section-items-middle elementor-invisible\" data-id=\"3c9c4388\" data-element_type=\"section\" data-e-type=\"section\" data-settings=\"{&quot;background_background&quot;:&quot;classic&quot;,&quot;animation&quot;:&quot;fadeIn&quot;}\">\n\t\t\t\t\t\t<div class=\"elementor-container elementor-column-gap-default\">\n\t\t\t\t\t<div class=\"elementor-column elementor-col-100 elementor-top-column elementor-element elementor-element-24381943\" data-id=\"24381943\" data-element_type=\"column\" data-e-type=\"column\" data-settings=\"{&quot;background_background&quot;:&quot;classic&quot;}\">\n\t\t\t<div class=\"elementor-widget-wrap elementor-element-populated\">\n\t\t\t\t\t\t<div class=\"elementor-element elementor-element-7f3c6b67 elementor-widget elementor-widget-image\" data-id=\"7f3c6b67\" data-element_type=\"widget\" data-e-type=\"widget\" data-widget_type=\"image.default\">\n\t\t\t\t<div class=\"elementor-widget-container\">\n\t\t\t\t\t\t\t\t\t\t\t\t\t\t\t<img fetchpriority=\"high\" decoding=\"async\" width=\"2560\" height=\"491\" src=\"https:\/\/e-smart.ai\/wp-content\/uploads\/2026\/02\/e_smart_logo_borderless-scaled.png\" class=\"attachment-full size-full wp-image-1311\" alt=\"\" srcset=\"https:\/\/e-smart.ai\/wp-content\/uploads\/2026\/02\/e_smart_logo_borderless-scaled.png 2560w, https:\/\/e-smart.ai\/wp-content\/uploads\/2026\/02\/e_smart_logo_borderless-300x58.png 300w, https:\/\/e-smart.ai\/wp-content\/uploads\/2026\/02\/e_smart_logo_borderless-1024x197.png 1024w, https:\/\/e-smart.ai\/wp-content\/uploads\/2026\/02\/e_smart_logo_borderless-768x147.png 768w, https:\/\/e-smart.ai\/wp-content\/uploads\/2026\/02\/e_smart_logo_borderless-1536x295.png 1536w, https:\/\/e-smart.ai\/wp-content\/uploads\/2026\/02\/e_smart_logo_borderless-2048x393.png 2048w, https:\/\/e-smart.ai\/wp-content\/uploads\/2026\/02\/e_smart_logo_borderless-18x3.png 18w, https:\/\/e-smart.ai\/wp-content\/uploads\/2026\/02\/e_smart_logo_borderless-600x115.png 600w\" sizes=\"(max-width: 2560px) 100vw, 2560px\" \/>\t\t\t\t\t\t\t\t\t\t\t\t\t\t\t<\/div>\n\t\t\t\t<\/div>\n\t\t\t\t<div class=\"elementor-element elementor-element-3ef61006 elementor-widget elementor-widget-heading\" data-id=\"3ef61006\" data-element_type=\"widget\" data-e-type=\"widget\" data-widget_type=\"heading.default\">\n\t\t\t\t<div class=\"elementor-widget-container\">\n\t\t\t\t\t<h2 class=\"elementor-heading-title elementor-size-default\">SMART ENERGY<\/h2>\t\t\t\t<\/div>\n\t\t\t\t<\/div>\n\t\t\t\t<div class=\"elementor-element elementor-element-6f350786 elementor-widget elementor-widget-heading\" data-id=\"6f350786\" data-element_type=\"widget\" data-e-type=\"widget\" data-widget_type=\"heading.default\">\n\t\t\t\t<div class=\"elementor-widget-container\">\n\t\t\t\t\t<h2 class=\"elementor-heading-title elementor-size-default\">MADE SIMPLE<\/h2>\t\t\t\t<\/div>\n\t\t\t\t<\/div>\n\t\t\t\t<div class=\"elementor-element elementor-element-75fb911 elementor-mobile-align-center elementor-widget elementor-widget-button\" data-id=\"75fb911\" data-element_type=\"widget\" data-e-type=\"widget\" data-widget_type=\"button.default\">\n\t\t\t\t<div class=\"elementor-widget-container\">\n\t\t\t\t\t\t\t\t\t<div class=\"elementor-button-wrapper\">\n\t\t\t\t\t<a class=\"elementor-button elementor-button-link elementor-size-sm\" href=\"https:\/\/e-smart.ai\/en\/products\/\">\n\t\t\t\t\t\t<span class=\"elementor-button-content-wrapper\">\n\t\t\t\t\t\t\t\t\t<span class=\"elementor-button-text\">Explore our products<\/span>\n\t\t\t\t\t<\/span>\n\t\t\t\t\t<\/a>\n\t\t\t\t<\/div>\n\t\t\t\t\t\t\t\t<\/div>\n\t\t\t\t<\/div>\n\t\t\t\t\t<\/div>\n\t\t<\/div>\n\t\t\t\t\t<\/div>\n\t\t<\/section>\n\t\t\t\t<section class=\"elementor-section elementor-top-section elementor-element elementor-element-6cefced7 elementor-section-height-min-height animated-slow elementor-section-content-middle elementor-section-boxed elementor-section-height-default elementor-section-items-middle elementor-invisible\" data-id=\"6cefced7\" data-element_type=\"section\" data-e-type=\"section\" data-settings=\"{&quot;background_background&quot;:&quot;classic&quot;,&quot;animation&quot;:&quot;fadeIn&quot;}\">\n\t\t\t\t\t\t<div class=\"elementor-container elementor-column-gap-default\">\n\t\t\t\t\t<div class=\"elementor-column elementor-col-100 elementor-top-column elementor-element elementor-element-27149614\" data-id=\"27149614\" data-element_type=\"column\" data-e-type=\"column\">\n\t\t\t<div class=\"elementor-widget-wrap elementor-element-populated\">\n\t\t\t\t\t\t<section class=\"elementor-section elementor-inner-section elementor-element elementor-element-3267a6c3 elementor-section-height-min-height elementor-section-content-middle elementor-section-boxed elementor-section-height-default\" data-id=\"3267a6c3\" data-element_type=\"section\" data-e-type=\"section\" data-settings=\"{&quot;background_background&quot;:&quot;classic&quot;}\">\n\t\t\t\t\t\t<div class=\"elementor-container elementor-column-gap-default\">\n\t\t\t\t\t<div class=\"elementor-column elementor-col-50 elementor-inner-column elementor-element elementor-element-fa9251a\" data-id=\"fa9251a\" data-element_type=\"column\" data-e-type=\"column\">\n\t\t\t<div class=\"elementor-widget-wrap elementor-element-populated\">\n\t\t\t\t\t\t<div class=\"elementor-element elementor-element-304b9f50 elementor-widget elementor-widget-image\" data-id=\"304b9f50\" data-element_type=\"widget\" data-e-type=\"widget\" data-widget_type=\"image.default\">\n\t\t\t\t<div class=\"elementor-widget-container\">\n\t\t\t\t\t\t\t\t\t\t\t\t\t\t\t<img decoding=\"async\" width=\"1024\" height=\"520\" src=\"https:\/\/e-smart.ai\/wp-content\/uploads\/2026\/02\/es2000_transparent-1-1024x520.png\" class=\"attachment-large size-large wp-image-1388\" alt=\"\" srcset=\"https:\/\/e-smart.ai\/wp-content\/uploads\/2026\/02\/es2000_transparent-1-1024x520.png 1024w, https:\/\/e-smart.ai\/wp-content\/uploads\/2026\/02\/es2000_transparent-1-300x152.png 300w, https:\/\/e-smart.ai\/wp-content\/uploads\/2026\/02\/es2000_transparent-1-768x390.png 768w, https:\/\/e-smart.ai\/wp-content\/uploads\/2026\/02\/es2000_transparent-1-1536x780.png 1536w, https:\/\/e-smart.ai\/wp-content\/uploads\/2026\/02\/es2000_transparent-1-2048x1040.png 2048w, https:\/\/e-smart.ai\/wp-content\/uploads\/2026\/02\/es2000_transparent-1-18x9.png 18w, https:\/\/e-smart.ai\/wp-content\/uploads\/2026\/02\/es2000_transparent-1-600x305.png 600w\" sizes=\"(max-width: 1024px) 100vw, 1024px\" \/>\t\t\t\t\t\t\t\t\t\t\t\t\t\t\t<\/div>\n\t\t\t\t<\/div>\n\t\t\t\t\t<\/div>\n\t\t<\/div>\n\t\t\t\t<div class=\"elementor-column elementor-col-50 elementor-inner-column elementor-element elementor-element-1431dec9\" data-id=\"1431dec9\" data-element_type=\"column\" data-e-type=\"column\">\n\t\t\t<div class=\"elementor-widget-wrap elementor-element-populated\">\n\t\t\t\t\t\t<div class=\"elementor-element elementor-element-4b284a5c elementor-widget elementor-widget-heading\" data-id=\"4b284a5c\" data-element_type=\"widget\" data-e-type=\"widget\" data-widget_type=\"heading.default\">\n\t\t\t\t<div class=\"elementor-widget-container\">\n\t\t\t\t\t<h2 class=\"elementor-heading-title elementor-size-default\">ES2000 is now even smarter.<\/h2>\t\t\t\t<\/div>\n\t\t\t\t<\/div>\n\t\t\t\t<div class=\"elementor-element elementor-element-2cb6e233 elementor-widget elementor-widget-text-editor\" data-id=\"2cb6e233\" data-element_type=\"widget\" data-e-type=\"widget\" data-widget_type=\"text-editor.default\">\n\t\t\t\t<div class=\"elementor-widget-container\">\n\t\t\t\t\t\t\t\t\t<p><span style=\"font-weight: 400;\">Save on electricity automatically without changing your daily routine.<\/span><span style=\"font-weight: 400;\"><br \/><\/span><span style=\"font-weight: 400;\">Plug it in, set it up, and let the smart socket do the rest.<\/span><\/p>\t\t\t\t\t\t\t\t<\/div>\n\t\t\t\t<\/div>\n\t\t\t\t<div class=\"elementor-element elementor-element-44acc87c elementor-widget elementor-widget-button\" data-id=\"44acc87c\" data-element_type=\"widget\" data-e-type=\"widget\" data-widget_type=\"button.default\">\n\t\t\t\t<div class=\"elementor-widget-container\">\n\t\t\t\t\t\t\t\t\t<div class=\"elementor-button-wrapper\">\n\t\t\t\t\t<a class=\"elementor-button elementor-button-link elementor-size-sm\" href=\"https:\/\/e-smart.ai\/en\/es2000\/\">\n\t\t\t\t\t\t<span class=\"elementor-button-content-wrapper\">\n\t\t\t\t\t\t\t\t\t<span class=\"elementor-button-text\">Learn more<\/span>\n\t\t\t\t\t<\/span>\n\t\t\t\t\t<\/a>\n\t\t\t\t<\/div>\n\t\t\t\t\t\t\t\t<\/div>\n\t\t\t\t<\/div>\n\t\t\t\t\t<\/div>\n\t\t<\/div>\n\t\t\t\t\t<\/div>\n\t\t<\/section>\n\t\t\t\t<div class=\"elementor-element elementor-element-6e844f39 elementor-hidden-mobile elementor-widget elementor-widget-spacer\" data-id=\"6e844f39\" data-element_type=\"widget\" data-e-type=\"widget\" data-widget_type=\"spacer.default\">\n\t\t\t\t<div class=\"elementor-widget-container\">\n\t\t\t\t\t\t\t<div class=\"elementor-spacer\">\n\t\t\t<div class=\"elementor-spacer-inner\"><\/div>\n\t\t<\/div>\n\t\t\t\t\t\t<\/div>\n\t\t\t\t<\/div>\n\t\t\t\t<section class=\"elementor-section elementor-inner-section elementor-element elementor-element-2e064c70 elementor-section-boxed elementor-section-height-default elementor-section-height-default\" data-id=\"2e064c70\" data-element_type=\"section\" data-e-type=\"section\">\n\t\t\t\t\t\t<div class=\"elementor-container elementor-column-gap-default\">\n\t\t\t\t\t<div class=\"elementor-column elementor-col-50 elementor-inner-column elementor-element elementor-element-7e2c060e\" data-id=\"7e2c060e\" data-element_type=\"column\" data-e-type=\"column\">\n\t\t\t<div class=\"elementor-widget-wrap elementor-element-populated\">\n\t\t\t\t\t\t<div class=\"elementor-element elementor-element-59268f72 elementor-hidden-mobile elementor-widget elementor-widget-image\" data-id=\"59268f72\" data-element_type=\"widget\" data-e-type=\"widget\" data-widget_type=\"image.default\">\n\t\t\t\t<div class=\"elementor-widget-container\">\n\t\t\t\t\t\t\t\t\t\t\t\t\t\t\t<img decoding=\"async\" width=\"994\" height=\"996\" src=\"https:\/\/e-smart.ai\/wp-content\/uploads\/2026\/02\/image_2026-02-16_151825125.png\" class=\"attachment-full size-full wp-image-1310\" alt=\"\" srcset=\"https:\/\/e-smart.ai\/wp-content\/uploads\/2026\/02\/image_2026-02-16_151825125.png 994w, https:\/\/e-smart.ai\/wp-content\/uploads\/2026\/02\/image_2026-02-16_151825125-300x300.png 300w, https:\/\/e-smart.ai\/wp-content\/uploads\/2026\/02\/image_2026-02-16_151825125-150x150.png 150w, https:\/\/e-smart.ai\/wp-content\/uploads\/2026\/02\/image_2026-02-16_151825125-768x770.png 768w, https:\/\/e-smart.ai\/wp-content\/uploads\/2026\/02\/image_2026-02-16_151825125-12x12.png 12w, https:\/\/e-smart.ai\/wp-content\/uploads\/2026\/02\/image_2026-02-16_151825125-600x601.png 600w, https:\/\/e-smart.ai\/wp-content\/uploads\/2026\/02\/image_2026-02-16_151825125-100x100.png 100w\" sizes=\"(max-width: 994px) 100vw, 994px\" \/>\t\t\t\t\t\t\t\t\t\t\t\t\t\t\t<\/div>\n\t\t\t\t<\/div>\n\t\t\t\t\t<\/div>\n\t\t<\/div>\n\t\t\t\t<div class=\"elementor-column elementor-col-50 elementor-inner-column elementor-element elementor-element-113ebff4\" data-id=\"113ebff4\" data-element_type=\"column\" data-e-type=\"column\">\n\t\t\t<div class=\"elementor-widget-wrap elementor-element-populated\">\n\t\t\t\t\t\t<div class=\"elementor-element elementor-element-5a07d62f elementor-widget elementor-widget-heading\" data-id=\"5a07d62f\" data-element_type=\"widget\" data-e-type=\"widget\" data-widget_type=\"heading.default\">\n\t\t\t\t<div class=\"elementor-widget-container\">\n\t\t\t\t\t<h2 class=\"elementor-heading-title elementor-size-default\">Electricity prices change constantly, but tracking them doesn\u2019t have to be part of your day.<\/h2>\t\t\t\t<\/div>\n\t\t\t\t<\/div>\n\t\t\t\t<div class=\"elementor-element elementor-element-6ab3193a elementor-widget elementor-widget-text-editor\" data-id=\"6ab3193a\" data-element_type=\"widget\" data-e-type=\"widget\" data-widget_type=\"text-editor.default\">\n\t\t\t\t<div class=\"elementor-widget-container\">\n\t\t\t\t\t\t\t\t\t<p><span style=\"font-weight: 400;\">E-Smart takes advantage of market price fluctuations and automatically shifts device usage to the most cost-effective times. In practice, this means a lower electricity bill \u2014 without checking prices every day, tweaking schedules, or wondering when to run each device. It works quietly in the background, optimizing your consumption so you use energy when it\u2019s cheapest.<\/span><\/p>\t\t\t\t\t\t\t\t<\/div>\n\t\t\t\t<\/div>\n\t\t\t\t\t<\/div>\n\t\t<\/div>\n\t\t\t\t\t<\/div>\n\t\t<\/section>\n\t\t\t\t<div class=\"elementor-element elementor-element-1db27342 elementor-widget elementor-widget-spacer\" data-id=\"1db27342\" data-element_type=\"widget\" data-e-type=\"widget\" data-widget_type=\"spacer.default\">\n\t\t\t\t<div class=\"elementor-widget-container\">\n\t\t\t\t\t\t\t<div class=\"elementor-spacer\">\n\t\t\t<div class=\"elementor-spacer-inner\"><\/div>\n\t\t<\/div>\n\t\t\t\t\t\t<\/div>\n\t\t\t\t<\/div>\n\t\t\t\t\t<\/div>\n\t\t<\/div>\n\t\t\t\t\t<\/div>\n\t\t<\/section>\n\t\t\t\t<section class=\"elementor-section elementor-top-section elementor-element elementor-element-6b36e68 elementor-section-height-min-height animated-slow elementor-section-content-middle elementor-section-boxed elementor-section-height-default elementor-section-items-middle elementor-invisible\" data-id=\"6b36e68\" data-element_type=\"section\" data-e-type=\"section\" data-settings=\"{&quot;background_background&quot;:&quot;classic&quot;,&quot;animation&quot;:&quot;fadeIn&quot;}\">\n\t\t\t\t\t\t<div class=\"elementor-container elementor-column-gap-default\">\n\t\t\t\t\t<div class=\"elementor-column elementor-col-50 elementor-top-column elementor-element elementor-element-5e70ee7\" data-id=\"5e70ee7\" data-element_type=\"column\" data-e-type=\"column\">\n\t\t\t<div class=\"elementor-widget-wrap elementor-element-populated\">\n\t\t\t\t\t\t<div class=\"elementor-element elementor-element-b9fa091 elementor-flip-box--effect-slide elementor-flip-box--direction-down elementor-widget elementor-widget-flip-box\" data-id=\"b9fa091\" data-element_type=\"widget\" data-e-type=\"widget\" data-widget_type=\"flip-box.default\">\n\t\t\t\t<div class=\"elementor-widget-container\">\n\t\t\t\t\t\t\t<div class=\"elementor-flip-box\" tabindex=\"0\">\n\t\t\t<div class=\"elementor-flip-box__layer elementor-flip-box__front\">\n\t\t\t\t<div class=\"elementor-flip-box__layer__overlay\">\n\t\t\t\t\t<div class=\"elementor-flip-box__layer__inner\">\n\t\t\t\t\t\t\t\t\t\t\t\t\t<div class=\"elementor-flip-box__image\">\n\t\t\t\t\t\t\t\t<img loading=\"lazy\" decoding=\"async\" width=\"2560\" height=\"2500\" src=\"https:\/\/e-smart.ai\/wp-content\/uploads\/2026\/02\/e-s_2000_promo-scaled.png\" class=\"attachment-full size-full wp-image-1415\" alt=\"\" srcset=\"https:\/\/e-smart.ai\/wp-content\/uploads\/2026\/02\/e-s_2000_promo-scaled.png 2560w, https:\/\/e-smart.ai\/wp-content\/uploads\/2026\/02\/e-s_2000_promo-300x293.png 300w, https:\/\/e-smart.ai\/wp-content\/uploads\/2026\/02\/e-s_2000_promo-1024x1000.png 1024w, https:\/\/e-smart.ai\/wp-content\/uploads\/2026\/02\/e-s_2000_promo-768x750.png 768w, https:\/\/e-smart.ai\/wp-content\/uploads\/2026\/02\/e-s_2000_promo-1536x1500.png 1536w, https:\/\/e-smart.ai\/wp-content\/uploads\/2026\/02\/e-s_2000_promo-2048x2000.png 2048w, https:\/\/e-smart.ai\/wp-content\/uploads\/2026\/02\/e-s_2000_promo-12x12.png 12w, https:\/\/e-smart.ai\/wp-content\/uploads\/2026\/02\/e-s_2000_promo-600x586.png 600w\" sizes=\"(max-width: 2560px) 100vw, 2560px\" \/>\t\t\t\t\t\t\t<\/div>\n\t\t\t\t\t\t\n\t\t\t\t\t\t\t\t\t\t\t\t\t<h3 class=\"elementor-flip-box__layer__title\">\n\t\t\t\t\t\t\t\tES2000\t\t\t\t\t\t\t<\/h3>\n\t\t\t\t\t\t\n\t\t\t\t\t\t\t\t\t\t\t\t\t<div class=\"elementor-flip-box__layer__description\">\n\t\t\t\t\t\t\t\tAutomatic energy control based on real-time spot price data\t\t\t\t\t\t\t<\/div>\n\t\t\t\t\t\t\t\t\t\t\t<\/div>\n\t\t\t\t<\/div>\n\t\t\t<\/div>\n\t\t\t<div class=\"elementor-flip-box__layer elementor-flip-box__back\">\n\t\t\t<div class=\"elementor-flip-box__layer__overlay\">\n\t\t\t\t<div class=\"elementor-flip-box__layer__inner\">\n\t\t\t\t\t\t\t\t\t\t\t<h3 class=\"elementor-flip-box__layer__title\">\n\t\t\t\t\t\t\tWe handle your electricity costs for you.\t\t\t\t\t\t<\/h3>\n\t\t\t\t\t\n\t\t\t\t\t\t\t\t\t\t\t<div class=\"elementor-flip-box__layer__description\">\n\t\t\t\t\t\t\t\nE-Smart is designed to make electricity use smarter without getting in the way. You set your target level, and the smart socket automatically controls usage based on spot electricity prices. It optimizes in the background without sacrificing comfort or changing your routines. The result is a practical balance between cost, performance, and everyday comfort.\t\t\t\t\t\t<\/div>\n\t\t\t\t\t\n\t\t\t\t\t\t\t\t<\/div>\n\t\t<\/div>\n\t\t<\/div>\n\t\t<\/div>\n\t\t\t\t\t\t<\/div>\n\t\t\t\t<\/div>\n\t\t\t\t<div class=\"elementor-element elementor-element-3eafffb elementor-align-justify elementor-widget elementor-widget-button\" data-id=\"3eafffb\" data-element_type=\"widget\" data-e-type=\"widget\" data-widget_type=\"button.default\">\n\t\t\t\t<div class=\"elementor-widget-container\">\n\t\t\t\t\t\t\t\t\t<div class=\"elementor-button-wrapper\">\n\t\t\t\t\t<a class=\"elementor-button elementor-button-link elementor-size-sm\" href=\"https:\/\/e-smart.ai\/en\/es2000\/\">\n\t\t\t\t\t\t<span class=\"elementor-button-content-wrapper\">\n\t\t\t\t\t\t\t\t\t<span class=\"elementor-button-text\">Learn more<\/span>\n\t\t\t\t\t<\/span>\n\t\t\t\t\t<\/a>\n\t\t\t\t<\/div>\n\t\t\t\t\t\t\t\t<\/div>\n\t\t\t\t<\/div>\n\t\t\t\t\t<\/div>\n\t\t<\/div>\n\t\t\t\t<div class=\"elementor-column elementor-col-50 elementor-top-column elementor-element elementor-element-06aab90\" data-id=\"06aab90\" data-element_type=\"column\" data-e-type=\"column\">\n\t\t\t<div class=\"elementor-widget-wrap elementor-element-populated\">\n\t\t\t\t\t\t<div class=\"elementor-element elementor-element-3a84860 elementor-flip-box--effect-slide elementor-flip-box--direction-down elementor-widget elementor-widget-flip-box\" data-id=\"3a84860\" data-element_type=\"widget\" data-e-type=\"widget\" data-widget_type=\"flip-box.default\">\n\t\t\t\t<div class=\"elementor-widget-container\">\n\t\t\t\t\t\t\t<div class=\"elementor-flip-box\" tabindex=\"0\">\n\t\t\t<div class=\"elementor-flip-box__layer elementor-flip-box__front\">\n\t\t\t\t<div class=\"elementor-flip-box__layer__overlay\">\n\t\t\t\t\t<div class=\"elementor-flip-box__layer__inner\">\n\t\t\t\t\t\t\t\t\t\t\t\t\t<div class=\"elementor-flip-box__image\">\n\t\t\t\t\t\t\t\t<img loading=\"lazy\" decoding=\"async\" width=\"2560\" height=\"2500\" src=\"https:\/\/e-smart.ai\/wp-content\/uploads\/2026\/02\/e-s_1000_promo-scaled.png\" class=\"attachment-full size-full wp-image-1471\" alt=\"\" srcset=\"https:\/\/e-smart.ai\/wp-content\/uploads\/2026\/02\/e-s_1000_promo-scaled.png 2560w, https:\/\/e-smart.ai\/wp-content\/uploads\/2026\/02\/e-s_1000_promo-300x293.png 300w, https:\/\/e-smart.ai\/wp-content\/uploads\/2026\/02\/e-s_1000_promo-1024x1000.png 1024w, https:\/\/e-smart.ai\/wp-content\/uploads\/2026\/02\/e-s_1000_promo-768x750.png 768w, https:\/\/e-smart.ai\/wp-content\/uploads\/2026\/02\/e-s_1000_promo-1536x1500.png 1536w, https:\/\/e-smart.ai\/wp-content\/uploads\/2026\/02\/e-s_1000_promo-2048x2000.png 2048w, https:\/\/e-smart.ai\/wp-content\/uploads\/2026\/02\/e-s_1000_promo-12x12.png 12w, https:\/\/e-smart.ai\/wp-content\/uploads\/2026\/02\/e-s_1000_promo-600x586.png 600w\" sizes=\"(max-width: 2560px) 100vw, 2560px\" \/>\t\t\t\t\t\t\t<\/div>\n\t\t\t\t\t\t\n\t\t\t\t\t\t\t\t\t\t\t\t\t<h3 class=\"elementor-flip-box__layer__title\">\n\t\t\t\t\t\t\t\tES1000\t\t\t\t\t\t\t<\/h3>\n\t\t\t\t\t\t\n\t\t\t\t\t\t\t\t\t\t\t\t\t<div class=\"elementor-flip-box__layer__description\">\n\t\t\t\t\t\t\t\tSmart temperature and humidity monitoring with remote control\t\t\t\t\t\t\t<\/div>\n\t\t\t\t\t\t\t\t\t\t\t<\/div>\n\t\t\t\t<\/div>\n\t\t\t<\/div>\n\t\t\t<div class=\"elementor-flip-box__layer elementor-flip-box__back\">\n\t\t\t<div class=\"elementor-flip-box__layer__overlay\">\n\t\t\t\t<div class=\"elementor-flip-box__layer__inner\">\n\t\t\t\t\t\t\t\t\t\t\t<h3 class=\"elementor-flip-box__layer__title\">\n\t\t\t\t\t\t\tSave energy\t\t\t\t\t\t<\/h3>\n\t\t\t\t\t\n\t\t\t\t\t\t\t\t\t\t\t<div class=\"elementor-flip-box__layer__description\">\n\t\t\t\t\t\t\tES1000 is a smart energy-saving socket that helps you control electrical devices efficiently and safely. It operates based on temperature settings or usage conditions you define, and provides clear energy consumption insights in the mobile app. With precise temperature control, scheduling, and remote control from your phone, devices run when they should \u2014 without constant monitoring. ES1000 is a great fit for summer cabins, garages, storage spaces, and home heating. Built-in overheat protection and a safety-first design ensure reliable operation even during extended use. Save energy, reduce costs, and keep the space comfortable \u2014 easily and automatically.\t\t\t\t\t\t<\/div>\n\t\t\t\t\t\n\t\t\t\t\t\t\t\t<\/div>\n\t\t<\/div>\n\t\t<\/div>\n\t\t<\/div>\n\t\t\t\t\t\t<\/div>\n\t\t\t\t<\/div>\n\t\t\t\t<div class=\"elementor-element elementor-element-675f66b elementor-align-justify elementor-widget elementor-widget-button\" data-id=\"675f66b\" data-element_type=\"widget\" data-e-type=\"widget\" data-widget_type=\"button.default\">\n\t\t\t\t<div class=\"elementor-widget-container\">\n\t\t\t\t\t\t\t\t\t<div class=\"elementor-button-wrapper\">\n\t\t\t\t\t<a class=\"elementor-button elementor-button-link elementor-size-sm\" href=\"https:\/\/e-smart.ai\/en\/es1000\/\">\n\t\t\t\t\t\t<span class=\"elementor-button-content-wrapper\">\n\t\t\t\t\t\t\t\t\t<span class=\"elementor-button-text\">Learn more<\/span>\n\t\t\t\t\t<\/span>\n\t\t\t\t\t<\/a>\n\t\t\t\t<\/div>\n\t\t\t\t\t\t\t\t<\/div>\n\t\t\t\t<\/div>\n\t\t\t\t\t<\/div>\n\t\t<\/div>\n\t\t\t\t\t<\/div>\n\t\t<\/section>\n\t\t\t\t<\/div>","protected":false},"excerpt":{"rendered":"<p>\u00c4LYK\u00c4ST\u00c4 ENERGIAA Tutustu tuotteisiin ES2000 on nyt entist\u00e4 \u00e4lykk\u00e4\u00e4mpi S\u00e4\u00e4st\u00e4 s\u00e4hk\u00f6ss\u00e4 automaattisesti ilman ett\u00e4 muutat arkeasi.Kytke, ota k\u00e4ytt\u00f6\u00f6n ja anna \u00e4lypistorasian hoitaa loput. Lue lis\u00e4\u00e4 S\u00e4hk\u00f6n hinnat vaihtelevat jatkuvasti, mutta niiden seuraamisen ei tarvitse olla osa arkea. E-Smart hy\u00f6dynt\u00e4\u00e4 markkinahintojen vaihtelut ja ohjaa laitteiden k\u00e4ytt\u00f6\u00e4 automaattisesti edullisimpiin ajankohtiin. K\u00e4yt\u00e4nn\u00f6ss\u00e4 t\u00e4m\u00e4 tarkoittaa pienemp\u00e4\u00e4 s\u00e4hk\u00f6laskua ilman, ett\u00e4 [&hellip;]<\/p>","protected":false},"author":1,"featured_media":0,"parent":0,"menu_order":0,"comment_status":"closed","ping_status":"closed","template":"elementor_header_footer","meta":{"site-sidebar-layout":"no-sidebar","site-content-layout":"page-builder","ast-site-content-layout":"full-width-container","site-content-style":"unboxed","site-sidebar-style":"unboxed","ast-global-header-display":"","ast-banner-title-visibility":"","ast-main-header-display":"","ast-hfb-above-header-display":"","ast-hfb-below-header-display":"","ast-hfb-mobile-header-display":"","site-post-title":"disabled","ast-breadcrumbs-content":"","ast-featured-img":"","footer-sml-layout":"","theme-transparent-header-meta":"enabled","adv-header-id-meta":"","stick-header-meta":"","header-above-stick-meta":"","header-main-stick-meta":"","header-below-stick-meta":"","astra-migrate-meta-layouts":"set","ast-page-background-enabled":"default","ast-page-background-meta":{"desktop":{"background-color":"","background-image":"","background-repeat":"repeat","background-position":"center center","background-size":"auto","background-attachment":"scroll","background-type":"","background-media":"","overlay-type":"","overlay-color":"","overlay-gradient":""},"tablet":{"background-color":"","background-image":"","background-repeat":"repeat","background-position":"center center","background-size":"auto","background-attachment":"scroll","background-type":"","background-media":"","overlay-type":"","overlay-color":"","overlay-gradient":""},"mobile":{"background-color":"","background-image":"","background-repeat":"repeat","background-position":"center center","background-size":"auto","background-attachment":"scroll","background-type":"","background-media":"","overlay-type":"","overlay-color":"","overlay-gradient":""}},"ast-content-background-meta":{"desktop":{"background-color":"var(--ast-global-color-5)","background-image":"","background-repeat":"repeat","background-position":"center center","background-size":"auto","background-attachment":"scroll","background-type":"","background-media":"","overlay-type":"","overlay-color":"","overlay-gradient":""},"tablet":{"background-color":"var(--ast-global-color-5)","background-image":"","background-repeat":"repeat","background-position":"center center","background-size":"auto","background-attachment":"scroll","background-type":"","background-media":"","overlay-type":"","overlay-color":"","overlay-gradient":""},"mobile":{"background-color":"var(--ast-global-color-5)","background-image":"","background-repeat":"repeat","background-position":"center center","background-size":"auto","background-attachment":"scroll","background-type":"","background-media":"","overlay-type":"","overlay-color":"","overlay-gradient":""}},"footnotes":""},"class_list":["post-30","page","type-page","status-publish","hentry"],"_links":{"self":[{"href":"https:\/\/e-smart.ai\/en\/wp-json\/wp\/v2\/pages\/30","targetHints":{"allow":["GET"]}}],"collection":[{"href":"https:\/\/e-smart.ai\/en\/wp-json\/wp\/v2\/pages"}],"about":[{"href":"https:\/\/e-smart.ai\/en\/wp-json\/wp\/v2\/types\/page"}],"author":[{"embeddable":true,"href":"https:\/\/e-smart.ai\/en\/wp-json\/wp\/v2\/users\/1"}],"replies":[{"embeddable":true,"href":"https:\/\/e-smart.ai\/en\/wp-json\/wp\/v2\/comments?post=30"}],"version-history":[{"count":137,"href":"https:\/\/e-smart.ai\/en\/wp-json\/wp\/v2\/pages\/30\/revisions"}],"predecessor-version":[{"id":1849,"href":"https:\/\/e-smart.ai\/en\/wp-json\/wp\/v2\/pages\/30\/revisions\/1849"}],"wp:attachment":[{"href":"https:\/\/e-smart.ai\/en\/wp-json\/wp\/v2\/media?parent=30"}],"curies":[{"name":"wp","href":"https:\/\/api.w.org\/{rel}","templated":true}]}}